{"id":43,"date":"2018-10-19T06:55:42","date_gmt":"2018-10-19T06:55:42","guid":{"rendered":"http:\/\/begegnungsgarten.de\/?page_id=43"},"modified":"2021-01-27T09:56:20","modified_gmt":"2021-01-27T09:56:20","slug":"__trashed-5","status":"publish","type":"page","link":"https:\/\/begegnungsgarten.de\/","title":{"rendered":"Home"},"content":{"rendered":"\t\t<div data-elementor-type=\"wp-post\" data-elementor-id=\"43\" class=\"elementor elementor-43 elementor-bc-flex-widget\" data-elementor-settings=\"[]\">\n\t\t\t\t\t\t<div class=\"elementor-inner\">\n\t\t\t\t\t\t\t<div class=\"elementor-section-wrap\">\n\t\t\t\t\t\t\t<section class=\"elementor-section elementor-top-section elementor-element elementor-element-b408d7c elementor-section-boxed elementor-section-height-default elementor-section-height-default\" data-id=\"b408d7c\" data-element_type=\"section\">\n\t\t\t\t\t\t<div class=\"elementor-container elementor-column-gap-default\">\n\t\t\t\t\t\t\t<div class=\"elementor-row\">\n\t\t\t\t\t<div class=\"elementor-column elementor-col-100 elementor-top-column elementor-element elementor-element-fc9f624\" data-id=\"fc9f624\" data-element_type=\"column\">\n\t\t\t<div class=\"elementor-column-wrap elementor-element-populated\">\n\t\t\t\t\t\t\t<div class=\"elementor-widget-wrap\">\n\t\t\t\t\t\t<div class=\"elementor-element elementor-element-2bcfd54 elementor-widget elementor-widget-heading\" data-id=\"2bcfd54\" data-element_type=\"widget\" data-widget_type=\"heading.default\">\n\t\t\t\t<div class=\"elementor-widget-container\">\n\t\t\t<h2 class=\"elementor-heading-title elementor-size-large\"><b>Dies ist der Blog des <br>Rottenburger Gartens der Begegnung<\/b><\/h2>\t\t<\/div>\n\t\t\t\t<\/div>\n\t\t\t\t\t\t<\/div>\n\t\t\t\t\t<\/div>\n\t\t<\/div>\n\t\t\t\t\t\t\t\t<\/div>\n\t\t\t\t\t<\/div>\n\t\t<\/section>\n\t\t\t\t<section class=\"elementor-section elementor-top-section elementor-element elementor-element-20baa34 elementor-section-boxed elementor-section-height-default elementor-section-height-default\" data-id=\"20baa34\" data-element_type=\"section\">\n\t\t\t\t\t\t<div class=\"elementor-container elementor-column-gap-default\">\n\t\t\t\t\t\t\t<div class=\"elementor-row\">\n\t\t\t\t\t<div class=\"elementor-column elementor-col-100 elementor-top-column elementor-element elementor-element-93097a8\" data-id=\"93097a8\" data-element_type=\"column\">\n\t\t\t<div class=\"elementor-column-wrap elementor-element-populated\">\n\t\t\t\t\t\t\t<div class=\"elementor-widget-wrap\">\n\t\t\t\t\t\t<div class=\"elementor-element elementor-element-13f1f54 elementor-arrows-position-inside elementor-pagination-position-outside elementor-widget elementor-widget-image-carousel\" data-id=\"13f1f54\" data-element_type=\"widget\" data-settings=\"{&quot;navigation&quot;:&quot;both&quot;,&quot;autoplay&quot;:&quot;yes&quot;,&quot;pause_on_hover&quot;:&quot;yes&quot;,&quot;pause_on_interaction&quot;:&quot;yes&quot;,&quot;autoplay_speed&quot;:5000,&quot;infinite&quot;:&quot;yes&quot;,&quot;speed&quot;:500}\" data-widget_type=\"image-carousel.default\">\n\t\t\t\t<div class=\"elementor-widget-container\">\n\t\t\t\t\t<div class=\"elementor-image-carousel-wrapper swiper-container\" dir=\"ltr\">\n\t\t\t<div class=\"elementor-image-carousel swiper-wrapper\">\n\t\t\t\t<div class=\"swiper-slide\"><figure class=\"swiper-slide-inner\"><img class=\"swiper-slide-image\" src=\"https:\/\/begegnungsgarten.de\/wp-content\/uploads\/2019\/07\/Schachbrett02_klein-300x200.jpg\" alt=\"Schachbrett02_klein\" \/><\/figure><\/div><div class=\"swiper-slide\"><figure class=\"swiper-slide-inner\"><img class=\"swiper-slide-image\" src=\"https:\/\/begegnungsgarten.de\/wp-content\/uploads\/2019\/06\/Bauwagen_neu_bearb_klein-300x200.jpg\" alt=\"Bauwagen_neu_bearb_klein\" \/><\/figure><\/div><div class=\"swiper-slide\"><figure class=\"swiper-slide-inner\"><img class=\"swiper-slide-image\" src=\"https:\/\/begegnungsgarten.de\/wp-content\/uploads\/2019\/06\/Blume01-300x200.jpg\" alt=\"Blume01\" \/><\/figure><\/div><div class=\"swiper-slide\"><figure class=\"swiper-slide-inner\"><img class=\"swiper-slide-image\" src=\"https:\/\/begegnungsgarten.de\/wp-content\/uploads\/2018\/10\/DSC_8165-bearbeiten_web-300x200.jpg\" alt=\"Selbstgebauter Nistkasten in einem Baum\" \/><\/figure><\/div><div class=\"swiper-slide\"><figure class=\"swiper-slide-inner\"><img class=\"swiper-slide-image\" src=\"https:\/\/begegnungsgarten.de\/wp-content\/uploads\/2018\/10\/Schachbrett-bearbeitet_web-300x200.jpg\" alt=\"&quot;Schachbrett&quot; auf einem G\u00e4nsebl\u00fcmchen\" \/><\/figure><\/div><div class=\"swiper-slide\"><figure class=\"swiper-slide-inner\"><img class=\"swiper-slide-image\" src=\"https:\/\/begegnungsgarten.de\/wp-content\/uploads\/2018\/10\/DSC_8156-berabeitet_web-300x200.jpg\" alt=\"Sicht \u00fcber Rottenburg am Neckar\" \/><\/figure><\/div><div class=\"swiper-slide\"><figure class=\"swiper-slide-inner\"><img class=\"swiper-slide-image\" src=\"https:\/\/begegnungsgarten.de\/wp-content\/uploads\/2018\/10\/Wurmlinger_Kapelle_klein-300x200.jpg\" alt=\"Blick auf Wurmlinger Kapelle\" \/><\/figure><\/div><div class=\"swiper-slide\"><figure class=\"swiper-slide-inner\"><img class=\"swiper-slide-image\" src=\"https:\/\/begegnungsgarten.de\/wp-content\/uploads\/2018\/10\/GdB_Himbeere_bearb-300x200.jpg\" alt=\"GdB_Himbeere_bearb\" \/><\/figure><\/div><div class=\"swiper-slide\"><figure class=\"swiper-slide-inner\"><img class=\"swiper-slide-image\" src=\"https:\/\/begegnungsgarten.de\/wp-content\/uploads\/2019\/06\/Egon02-300x200.jpg\" alt=\"Amsel mit Wurm\" \/><\/figure><\/div>\t\t\t<\/div>\n\t\t\t\t\t\t\t\t\t\t\t\t<div class=\"swiper-pagination\"><\/div>\n\t\t\t\t\t\t\t\t\t\t\t\t\t<div class=\"elementor-swiper-button elementor-swiper-button-prev\">\n\t\t\t\t\t\t<i class=\"eicon-chevron-left\" aria-hidden=\"true\"><\/i>\n\t\t\t\t\t\t<span class=\"elementor-screen-only\">Zur\u00fcck<\/span>\n\t\t\t\t\t<\/div>\n\t\t\t\t\t<div class=\"elementor-swiper-button elementor-swiper-button-next\">\n\t\t\t\t\t\t<i class=\"eicon-chevron-right\" aria-hidden=\"true\"><\/i>\n\t\t\t\t\t\t<span class=\"elementor-screen-only\">Weiter<\/span>\n\t\t\t\t\t<\/div>\n\t\t\t\t\t\t\t\t\t<\/div>\n\t\t\t\t<\/div>\n\t\t\t\t<\/div>\n\t\t\t\t\t\t<\/div>\n\t\t\t\t\t<\/div>\n\t\t<\/div>\n\t\t\t\t\t\t\t\t<\/div>\n\t\t\t\t\t<\/div>\n\t\t<\/section>\n\t\t\t\t<section class=\"elementor-section elementor-top-section elementor-element elementor-element-6c78496 elementor-section-boxed elementor-section-height-default elementor-section-height-default\" data-id=\"6c78496\" data-element_type=\"section\">\n\t\t\t\t\t\t<div class=\"elementor-container elementor-column-gap-default\">\n\t\t\t\t\t\t\t<div class=\"elementor-row\">\n\t\t\t\t\t<div class=\"elementor-column elementor-col-100 elementor-top-column elementor-element elementor-element-c09361b\" data-id=\"c09361b\" data-element_type=\"column\">\n\t\t\t<div class=\"elementor-column-wrap elementor-element-populated\">\n\t\t\t\t\t\t\t<div class=\"elementor-widget-wrap\">\n\t\t\t\t\t\t<div class=\"elementor-element elementor-element-1c9e383 elementor-widget elementor-widget-text-editor\" data-id=\"1c9e383\" data-element_type=\"widget\" data-widget_type=\"text-editor.default\">\n\t\t\t\t<div class=\"elementor-widget-container\">\n\t\t\t\t\t\t\t\t<div class=\"elementor-text-editor elementor-clearfix\">\n\t\t\t\t\t<h2>Liebe Gartenfreund*innen,<\/h2><div>wir wissen immer noch nicht, wann wir uns wieder zu unseren Freitagsterminen treffen k\u00f6nnen. Wir werden Euch aber an dieser Stelle informieren, sobald sich \u00c4nderungen abzeichnen.<\/div>\t\t\t\t\t<\/div>\n\t\t\t\t\t\t<\/div>\n\t\t\t\t<\/div>\n\t\t\t\t<div class=\"elementor-element elementor-element-23b14be elementor-widget elementor-widget-text-editor\" data-id=\"23b14be\" data-element_type=\"widget\" data-widget_type=\"text-editor.default\">\n\t\t\t\t<div class=\"elementor-widget-container\">\n\t\t\t\t\t\t\t\t<div class=\"elementor-text-editor elementor-clearfix\">\n\t\t\t\t\t<h2>Quiz zum Garten der Begegnung,<\/h2><div><p>Um die Zeit zu \u00fcberbr\u00fccken, in der wir uns pers\u00f6nlich nicht im Garten treffen k\u00f6nnen, gibt es ab sofort ein monatliches Quiz mit Fragen zu Natur, Geschichte und Idee des Begegnungsgartens. Die Fragen sind jeweils ab dem ersten eines Monats hier in der rechten Spalte unter &#8222;Neueste Beitr\u00e4ge&#8220; abrufbar. Au\u00dferdem sind sie im Newsletter, in den sich alle Interessierten eintragen k\u00f6nnen. Eine kurze Mail an willkommenskultur@rottenburg.de gen\u00fcgt. Zu gewinnen gibt es jeden Monat eine Tafel leckere Rottenburger Schokolade. Der Rechtsweg ist ausgeschlossen. Die Gewinner*innen werden mit Vornamen hier bekannt gegegben.<\/p><p>Die jeweilige L\u00f6sung kann an oben genannte E-Mail-Adresse geschickt oder als Kommentar hier auf die Webseite hinterlassen werden. Wir w\u00fcnschen viel Spa\u00df und viel Gl\u00fcck.<\/p><\/div>\t\t\t\t\t<\/div>\n\t\t\t\t\t\t<\/div>\n\t\t\t\t<\/div>\n\t\t\t\t\t\t<\/div>\n\t\t\t\t\t<\/div>\n\t\t<\/div>\n\t\t\t\t\t\t\t\t<\/div>\n\t\t\t\t\t<\/div>\n\t\t<\/section>\n\t\t\t\t<section class=\"elementor-section elementor-top-section elementor-element elementor-element-848fc91 elementor-section-boxed elementor-section-height-default elementor-section-height-default\" data-id=\"848fc91\" data-element_type=\"section\">\n\t\t\t\t\t\t<div class=\"elementor-container elementor-column-gap-default\">\n\t\t\t\t\t\t\t<div class=\"elementor-row\">\n\t\t\t\t\t<div class=\"elementor-column elementor-col-100 elementor-top-column elementor-element elementor-element-ea057fe\" data-id=\"ea057fe\" data-element_type=\"column\">\n\t\t\t<div class=\"elementor-column-wrap elementor-element-populated\">\n\t\t\t\t\t\t\t<div class=\"elementor-widget-wrap\">\n\t\t\t\t\t\t<div class=\"elementor-element elementor-element-013e0a8 elementor-widget elementor-widget-text-editor\" data-id=\"013e0a8\" data-element_type=\"widget\" data-widget_type=\"text-editor.default\">\n\t\t\t\t<div class=\"elementor-widget-container\">\n\t\t\t\t\t\t\t\t<div class=\"elementor-text-editor elementor-clearfix\">\n\t\t\t\t\t<h2><strong>Grillen im Garten der Begegnung (vorerst au\u00dfer Kraft!)<br \/><\/strong><\/h2><p>Alle Menschen sind herzlich eingeladen, den Grillplatz im Rottenburger Garten der Begegnung zu nutzen. <br \/>Dabei gibt es nur drei Regeln:<\/p><ol><li>Der Grillplatz wird immer so verlassen, wie er angetroffen wurde!<\/li><li>Die Ger\u00e4uschkulisse ist so zu halten, dass die Nachbarn nicht gest\u00f6rt werden!<\/li><li>Wenn andere Menschen auch grillen wollen, m\u00fcssen sich alle Beteiligten arrangieren. Niemand darf weggeschickt werden!<\/li><\/ol>\t\t\t\t\t<\/div>\n\t\t\t\t\t\t<\/div>\n\t\t\t\t<\/div>\n\t\t\t\t\t\t<\/div>\n\t\t\t\t\t<\/div>\n\t\t<\/div>\n\t\t\t\t\t\t\t\t<\/div>\n\t\t\t\t\t<\/div>\n\t\t<\/section>\n\t\t\t\t<section class=\"elementor-section elementor-top-section elementor-element elementor-element-4901be7 elementor-section-boxed elementor-section-height-default elementor-section-height-default\" data-id=\"4901be7\" data-element_type=\"section\">\n\t\t\t\t\t\t<div class=\"elementor-container elementor-column-gap-default\">\n\t\t\t\t\t\t\t<div class=\"elementor-row\">\n\t\t\t\t\t<div class=\"elementor-column elementor-col-100 elementor-top-column elementor-element elementor-element-6f57503\" data-id=\"6f57503\" data-element_type=\"column\">\n\t\t\t<div class=\"elementor-column-wrap elementor-element-populated\">\n\t\t\t\t\t\t\t<div class=\"elementor-widget-wrap\">\n\t\t\t\t\t\t<div class=\"elementor-element elementor-element-be78df1 elementor-widget elementor-widget-text-editor\" data-id=\"be78df1\" data-element_type=\"widget\" data-widget_type=\"text-editor.default\">\n\t\t\t\t<div class=\"elementor-widget-container\">\n\t\t\t\t\t\t\t\t<div class=\"elementor-text-editor elementor-clearfix\">\n\t\t\t\t\t<h2><strong>Es gibt einen neuen Flyer zum Begegnungsgarten. <\/strong><\/h2><p><strong>Er ist \u00fcber folgenden Link abrufbar.<\/strong><\/p>\t\t\t\t\t<\/div>\n\t\t\t\t\t\t<\/div>\n\t\t\t\t<\/div>\n\t\t\t\t<div class=\"elementor-element elementor-element-a4042e7 elementor-align-left elementor-button-danger elementor-widget elementor-widget-button\" data-id=\"a4042e7\" data-element_type=\"widget\" data-widget_type=\"button.default\">\n\t\t\t\t<div class=\"elementor-widget-container\">\n\t\t\t\t\t<div class=\"elementor-button-wrapper\">\n\t\t\t<a href=\"http:\/\/begegnungsgarten.de\/wp-content\/uploads\/2019\/07\/Flyer_Garten-der-Begegnung.pdf\" target=\"_blank\" class=\"elementor-button-link elementor-button elementor-size-sm\" role=\"button\">\n\t\t\t\t\t\t<span class=\"elementor-button-content-wrapper\">\n\t\t\t\t\t\t<span class=\"elementor-button-icon elementor-align-icon-left\">\n\t\t\t\t\t\t\t\t\t<i class=\"fa fa-newspaper-o\" aria-hidden=\"true\"><\/i>\n\t\t\t\t\t\t\t<\/span>\n\t\t\t\t\t\t<span class=\"elementor-button-text\">Hier Klicken<\/span>\n\t\t<\/span>\n\t\t\t\t\t<\/a>\n\t\t<\/div>\n\t\t\t\t<\/div>\n\t\t\t\t<\/div>\n\t\t\t\t\t\t<\/div>\n\t\t\t\t\t<\/div>\n\t\t<\/div>\n\t\t\t\t\t\t\t\t<\/div>\n\t\t\t\t\t<\/div>\n\t\t<\/section>\n\t\t\t\t\t\t<\/div>\n\t\t\t\t\t\t<\/div>\n\t\t\t\t\t<\/div>\n\t\t","protected":false},"excerpt":{"rendered":"<p>Dies ist der Blog des Rottenburger Gartens der Begegnung Liebe Gartenfreund*innen, wir wissen immer noch nicht, wann wir uns wieder zu unseren Freitagsterminen treffen k\u00f6nnen. Wir werden Euch aber an dieser Stelle informieren, sobald sich \u00c4nderungen abzeichnen. Quiz zum Garten der Begegnung, Um die Zeit zu \u00fcberbr\u00fccken, in der wir uns pers\u00f6nlich nicht im Garten [&hellip;]<\/p>\n","protected":false},"author":1,"featured_media":0,"parent":0,"menu_order":0,"comment_status":"closed","ping_status":"closed","template":"","meta":[],"_links":{"self":[{"href":"https:\/\/begegnungsgarten.de\/index.php?rest_route=\/wp\/v2\/pages\/43"}],"collection":[{"href":"https:\/\/begegnungsgarten.de\/index.php?rest_route=\/wp\/v2\/pages"}],"about":[{"href":"https:\/\/begegnungsgarten.de\/index.php?rest_route=\/wp\/v2\/types\/page"}],"author":[{"embeddable":true,"href":"https:\/\/begegnungsgarten.de\/index.php?rest_route=\/wp\/v2\/users\/1"}],"replies":[{"embeddable":true,"href":"https:\/\/begegnungsgarten.de\/index.php?rest_route=%2Fwp%2Fv2%2Fcomments&post=43"}],"version-history":[{"count":51,"href":"https:\/\/begegnungsgarten.de\/index.php?rest_route=\/wp\/v2\/pages\/43\/revisions"}],"predecessor-version":[{"id":705,"href":"https:\/\/begegnungsgarten.de\/index.php?rest_route=\/wp\/v2\/pages\/43\/revisions\/705"}],"wp:attachment":[{"href":"https:\/\/begegnungsgarten.de\/index.php?rest_route=%2Fwp%2Fv2%2Fmedia&parent=43"}],"curies":[{"name":"wp","href":"https:\/\/api.w.org\/{rel}","templated":true}]}}